{"id":2614,"date":"2020-02-25T15:32:49","date_gmt":"2020-02-25T15:32:49","guid":{"rendered":"http:\/\/diabetologie-dietzenbach.de\/?page_id=2614"},"modified":"2024-02-02T11:26:10","modified_gmt":"2024-02-02T11:26:10","slug":"impressum","status":"publish","type":"page","link":"http:\/\/diabetologie-dietzenbach.de\/?page_id=2614","title":{"rendered":"Impressum"},"content":{"rendered":"[vc_row][vc_column][vc_column_text]<p><\/p>\n<h2 class=\"wp-block-heading\">Verantwortlich f\u00fcr den Inhalt:<\/h2>\n<p><\/p>\n<p><\/p>\n<p>Shamsullah Omarkhel<\/p>\n<p><\/p>\n<p><\/p>\n<h2 class=\"wp-block-heading\">Praxis f\u00fcr Diabetologie und Allgemeinmedizin<\/h2>\n<p><\/p>\n<p><\/p>\n<p>Shamsullah Omarkhel<br \/>Am Rathausplatz 6<br \/>63128 Dietzenbach<\/p>\n<p><\/p>\n<p><\/p>\n<p>Tel.: 06074 \/ 26914<br \/>E-Mail: info@diabetologie-dietzenbach.de<\/p>\n<p><\/p>\n<p><\/p>\n<h2 class=\"wp-block-heading\">Gesetzliche Berufsbezeichnung:<\/h2>\n<p><\/p>\n<p><\/p>\n<p>Facharzt f\u00fcr Allgemeinmedizin<br \/>Diabetologe L\u00c4KH<br \/>Facharzt f\u00fcr Chirurgie<\/p>\n<p><\/p>\n<p><\/p>\n<h2 class=\"wp-block-heading\">Verleihender Staat:<\/h2>\n<p><\/p>\n<p><\/p>\n<p>Bundesrepublik Deutschland<\/p>\n<p><\/p>\n<p><\/p>\n<h2 class=\"wp-block-heading\">Zust\u00e4ndige Kammer:<\/h2>\n<p><\/p>\n<p><\/p>\n<p>Landes\u00e4rztekammer Hessen<br \/>Hanauer Landstr. 152<br \/>60314 Frankfurt am Main<br \/>Tel.: 069 97672-0<br \/>Fax: 069 97672-128<br \/>E-Mail: info@laekh.de<br \/>www.laekh.de<\/p>\n<p><\/p>\n<p><\/p>\n<h2 class=\"wp-block-heading\">Kassen\u00e4rztliche Vereinigung:<\/h2>\n<p><\/p>\n<p><\/p>\n<p>Kassen\u00e4rztliche Vereinigung Hessen<br \/>Europa-Allee 90<br \/>60486 Frankfurt am Main<br \/>Tel.: 069 24741-7777<br \/>Fax: 069 24741-68826<br \/>E-Mail: info.line@kvhessen.de<br \/>www.kvhessen.de<\/p>\n<p><\/p>\n<p><\/p>\n<h2 class=\"wp-block-heading\">Berufsrechtliche Regelungen:<\/h2>\n<p><\/p>\n<p><\/p>\n<p>Die berufsrechtlichen Regelungen finden Sie auf der Internetseite der zust\u00e4ndigen \u00c4rztekammer<br \/>www.laekh.de<\/p>\n<p><\/p>\n<p><\/p>\n<h2 class=\"wp-block-heading\">Haftungshinweis:<\/h2>\n<p><\/p>\n<p><\/p>\n<p>Trotz sorgf\u00e4ltiger inhaltlicher Kontrolle \u00fcbernehmen wir keine Haftung f\u00fcr die Inhalte externer Links. F\u00fcr den Inhalt der verlinkten Seiten sind ausschlie\u00dflich deren Betreiber verantwortlich.<\/p>\n<p><\/p>[\/vc_column_text][\/vc_column][\/vc_row]","protected":false},"excerpt":{"rendered":"<p>[vc_row][vc_column][vc_column_text] Verantwortlich f\u00fcr den Inhalt: Shamsullah Omarkhel Praxis f\u00fcr Diabetologie und Allgemeinmedizin Shamsullah OmarkhelAm Rathausplatz 663128 Dietzenbach Tel.: 06074 \/ 26914E-Mail: info@diabetologie-dietzenbach.de Gesetzliche Berufsbezeichnung: Facharzt f\u00fcr AllgemeinmedizinDiabetologe L\u00c4KHFacharzt f\u00fcr Chirurgie Verleihender Staat: Bundesrepublik Deutschland Zust\u00e4ndige Kammer: Landes\u00e4rztekammer HessenHanauer Landstr. 15260314 Frankfurt am MainTel.: 069 97672-0Fax: 069 97672-128E-Mail: info@laekh.dewww.laekh.de Kassen\u00e4rztliche Vereinigung: Kassen\u00e4rztliche Vereinigung HessenEuropa-Allee 9060486 Frankfurt am MainTel.: 069 24741-7777Fax: 069 24741-68826E-Mail: info.line@kvhessen.dewww.kvhessen.de Berufsrechtliche Regelungen: Die berufsrechtlichen Regelungen finden Sie auf der Internetseite der zust\u00e4ndigen \u00c4rztekammerwww.laekh.de Haftungshinweis: Trotz sorgf\u00e4ltiger inhaltlicher Kontrolle \u00fcbernehmen wir keine Haftung f\u00fcr die Inhalte externer Links. F\u00fcr den Inhalt der verlinkten Seiten sind ausschlie\u00dflich deren Betreiber verantwortlich. [\/vc_column_text][\/vc_column][\/vc_row]<\/p>\n","protected":false},"author":1,"featured_media":0,"parent":0,"menu_order":0,"comment_status":"closed","ping_status":"closed","template":"","meta":{"footnotes":""},"class_list":["post-2614","page","type-page","status-publish","hentry"],"_links":{"self":[{"href":"http:\/\/diabetologie-dietzenbach.de\/index.php?rest_route=\/wp\/v2\/pages\/2614","targetHints":{"allow":["GET"]}}],"collection":[{"href":"http:\/\/diabetologie-dietzenbach.de\/index.php?rest_route=\/wp\/v2\/pages"}],"about":[{"href":"http:\/\/diabetologie-dietzenbach.de\/index.php?rest_route=\/wp\/v2\/types\/page"}],"author":[{"embeddable":true,"href":"http:\/\/diabetologie-dietzenbach.de\/index.php?rest_route=\/wp\/v2\/users\/1"}],"replies":[{"embeddable":true,"href":"http:\/\/diabetologie-dietzenbach.de\/index.php?rest_route=%2Fwp%2Fv2%2Fcomments&post=2614"}],"version-history":[{"count":4,"href":"http:\/\/diabetologie-dietzenbach.de\/index.php?rest_route=\/wp\/v2\/pages\/2614\/revisions"}],"predecessor-version":[{"id":3400,"href":"http:\/\/diabetologie-dietzenbach.de\/index.php?rest_route=\/wp\/v2\/pages\/2614\/revisions\/3400"}],"wp:attachment":[{"href":"http:\/\/diabetologie-dietzenbach.de\/index.php?rest_route=%2Fwp%2Fv2%2Fmedia&parent=2614"}],"curies":[{"name":"wp","href":"https:\/\/api.w.org\/{rel}","templated":true}]}}