{"id":3107,"date":"2021-10-26T19:57:36","date_gmt":"2021-10-26T19:57:36","guid":{"rendered":"http:\/\/diabetologie-dietzenbach.de\/?page_id=3107"},"modified":"2021-10-29T10:17:22","modified_gmt":"2021-10-29T10:17:22","slug":"notdienste","status":"publish","type":"page","link":"http:\/\/diabetologie-dietzenbach.de\/?page_id=3107","title":{"rendered":"Notdienste"},"content":{"rendered":"[vc_row][vc_column][vc_column_text]<p><\/p>\n<h3>Liebe Patientinnen und Patienten, au\u00dferhalb unserer Sprechzeiten wenden Sie sich bei gesundheitlichen Problemen bitte an den f\u00fcr Sie zust\u00e4ndigen \u00c4rztlichen Bereitschaftsdienst.<\/h3>\n<p><\/p>\n<p><\/p>\n<h3>Sollte eine lebensbedrohliche Situation vorliegen, so wenden Sie sich an die f\u00fcr Sie zust\u00e4ndige Rettungsleitstelle. Bei Vergiftungen wenden Sie sich an die <a href=\"https:\/\/www.unimedizin-mainz.de\/giz\/uebersicht.html\" target=\"_blank\" rel=\"noopener\"><span style=\"color: #00ccff;\">Vergiftungszentrale Mainz<\/span><\/a>. Sie m\u00f6chten ein Medikament nachts oder am Wochenende beziehen? Unter der angegebenen\u00a0<a href=\"https:\/\/www.apotheken.de\/apotheken-und-notdienste-suchen\/\" target=\"_blank\" rel=\"noreferrer noopener\"><span style=\"color: #00ccff;\">Internetadresse<\/span><\/a>\u00a0finden Sie eine Bereitschaftsapotheke.<\/h3>\n<p><\/p>\n<p><\/p>\n<h3>Sie k\u00f6nnen gerne w\u00e4hrend der Sprechstundenzeiten einen Termin telefonisch (<span style=\"color: #00ccff;\">\u00a0<\/span><a href=\"tel:+496074 26914\"><span style=\"color: #00ccff;\">06074 26914<\/span><\/a>) vereinbaren.<\/h3>\n<p><\/p>\n<p><\/p>\n<h3>Auf dieser Seite haben wir f\u00fcr Sie eine \u00dcbersicht zu s\u00e4mtlichen wichtigen Ansprechpartnern im medizinischen Notfall oder au\u00dferhalb unserer Sprechzeiten erstellt.<\/h3>\n<p><\/p>\n<p><\/p>\n<figure class=\"wp-block-table\">\n<table>\n<tbody>\n<tr>\n<td>\n<h4>\u00c4rztliche Bereitschaft<\/h4>\n<\/td>\n<td>\n<h4>116 117<\/h4>\n<\/td>\n<\/tr>\n<tr>\n<td>\n<h4>Rettungsleitstelle<\/h4>\n<\/td>\n<td>\n<h4>19222<\/h4>\n<\/td>\n<\/tr>\n<tr>\n<td>\n<h4>Giftnotzentrale<\/h4>\n<\/td>\n<td>\n<h4>089 \/ 19240<\/h4>\n<\/td>\n<\/tr>\n<tr>\n<td>\n<h4>Apothekennotdienst<\/h4>\n<\/td>\n<td>\n<h4><a href=\"https:\/\/www.apotheken.de\/apotheken-und-notdienste-suchen\/\" target=\"_blank\" rel=\"noreferrer noopener\"><span style=\"color: #00ccff;\">Webseite<\/span><\/a><\/h4>\n<\/td>\n<\/tr>\n<tr>\n<td>\n<h4>Notarzt<\/h4>\n<\/td>\n<td>\n<h4>112<\/h4>\n<\/td>\n<\/tr>\n<\/tbody>\n<\/table>\n<\/figure>\n<p><\/p>\n<p><\/p>\n<p><\/p>[\/vc_column_text][\/vc_column][\/vc_row]","protected":false},"excerpt":{"rendered":"<p>[vc_row][vc_column][vc_column_text] Liebe Patientinnen und Patienten, au\u00dferhalb unserer Sprechzeiten wenden Sie sich bei gesundheitlichen Problemen bitte an den f\u00fcr Sie zust\u00e4ndigen \u00c4rztlichen Bereitschaftsdienst. Sollte eine lebensbedrohliche Situation vorliegen, so wenden Sie sich an die f\u00fcr Sie zust\u00e4ndige Rettungsleitstelle. Bei Vergiftungen wenden Sie sich an die Vergiftungszentrale Mainz. Sie m\u00f6chten ein Medikament nachts oder am Wochenende beziehen? Unter der angegebenen\u00a0Internetadresse\u00a0finden Sie eine Bereitschaftsapotheke. Sie k\u00f6nnen gerne w\u00e4hrend der Sprechstundenzeiten einen Termin telefonisch (\u00a006074 26914) vereinbaren. Auf dieser Seite haben wir f\u00fcr Sie eine \u00dcbersicht zu s\u00e4mtlichen wichtigen Ansprechpartnern im medizinischen Notfall oder au\u00dferhalb unserer Sprechzeiten erstellt. \u00c4rztliche Bereitschaft 116 117 Rettungsleitstelle 19222 Giftnotzentrale 089 \/ 19240 Apothekennotdienst Webseite Notarzt 112 [\/vc_column_text][\/vc_column][\/vc_row]<\/p>\n","protected":false},"author":1,"featured_media":0,"parent":0,"menu_order":0,"comment_status":"closed","ping_status":"closed","template":"","meta":{"footnotes":""},"class_list":["post-3107","page","type-page","status-publish","hentry"],"_links":{"self":[{"href":"http:\/\/diabetologie-dietzenbach.de\/index.php?rest_route=\/wp\/v2\/pages\/3107","targetHints":{"allow":["GET"]}}],"collection":[{"href":"http:\/\/diabetologie-dietzenbach.de\/index.php?rest_route=\/wp\/v2\/pages"}],"about":[{"href":"http:\/\/diabetologie-dietzenbach.de\/index.php?rest_route=\/wp\/v2\/types\/page"}],"author":[{"embeddable":true,"href":"http:\/\/diabetologie-dietzenbach.de\/index.php?rest_route=\/wp\/v2\/users\/1"}],"replies":[{"embeddable":true,"href":"http:\/\/diabetologie-dietzenbach.de\/index.php?rest_route=%2Fwp%2Fv2%2Fcomments&post=3107"}],"version-history":[{"count":14,"href":"http:\/\/diabetologie-dietzenbach.de\/index.php?rest_route=\/wp\/v2\/pages\/3107\/revisions"}],"predecessor-version":[{"id":3513,"href":"http:\/\/diabetologie-dietzenbach.de\/index.php?rest_route=\/wp\/v2\/pages\/3107\/revisions\/3513"}],"wp:attachment":[{"href":"http:\/\/diabetologie-dietzenbach.de\/index.php?rest_route=%2Fwp%2Fv2%2Fmedia&parent=3107"}],"curies":[{"name":"wp","href":"https:\/\/api.w.org\/{rel}","templated":true}]}}